{"id":97,"date":"2022-01-14T14:53:57","date_gmt":"2022-01-14T14:53:57","guid":{"rendered":"https:\/\/wuselkusen.de\/?page_id=97"},"modified":"2024-08-03T12:01:40","modified_gmt":"2024-08-03T12:01:40","slug":"medien","status":"publish","type":"page","link":"https:\/\/wuselkusen.de\/?page_id=97","title":{"rendered":"Fernsehsender &#8222;Wusel TV&#8220;"},"content":{"rendered":"<p><span style=\"font-family: helvetica, arial, sans-serif; font-size: 24px; color: #000080;\"><strong>Wusel TV \u2013 Dein Fernsehsender<\/strong><\/span><\/p>\n<p><span style=\"font-family: helvetica, arial, sans-serif; font-size: 16px;\">Du wolltest schon immer einmal Kameramann oder -frau, Redakteur oder Regisseur sein? Dann bist du bei Wusel TV genau richtig!<\/span><\/p>\n<p><span style=\"font-family: helvetica, arial, sans-serif; font-size: 16px;\"><strong>Erlebe die Welt des Fernsehens hautnah<\/strong><\/span><\/p>\n<p><span style=\"font-family: helvetica, arial, sans-serif; font-size: 16px;\">Bei Wusel TV hast du die M\u00f6glichkeit, in die aufregende Welt des Fernsehens einzutauchen. Ob du die aktuellsten Nachrichten jagst oder die spannendsten Bilder des Tages einf\u00e4ngst \u2013 bei uns findest du deine Aufgabe!<\/span><\/p>\n<p><span style=\"font-family: helvetica, arial, sans-serif; font-size: 16px;\"><strong>Auf der Suche nach Wahrheit und Storys<\/strong><\/span><\/p>\n<p><span style=\"font-family: helvetica, arial, sans-serif; font-size: 16px;\">Als Teil von Wusel TV wirst du zum wahren Entdecker. Du gehst den Dingen auf den Grund und berichtest hautnah von den Ereignissen, die die Welt bewegen.<\/span><\/p>\n<p><span style=\"font-family: helvetica, arial, sans-serif; font-size: 16px;\"><strong>Noch unsicher? Schau vorbei!<\/strong><\/span><\/p>\n<p><span style=\"font-family: helvetica, arial, sans-serif; font-size: 16px;\">Falls du dich noch nicht entschieden hast und mehr \u00fcber Wusel TV erfahren m\u00f6chtest, dann schau dir doch unsere Beitr\u00e4ge der letzten Spielstadt an. So bekommst du einen Eindruck davon, was dich bei uns erwartet!<\/span><\/p>\n<p><span style=\"font-family: helvetica, arial, sans-serif; font-size: 16px;\">Komm zu Wusel TV und werde Teil unseres Teams \u2013 wir freuen uns auf dich!<\/span><\/p>\n<h4>\u00a0<\/h4>\n<table style=\"border-collapse: collapse; width: 100%;\">\n<tbody>\n<tr>\n<td style=\"width: 100%; background-color: #a7e3f2; text-align: left; vertical-align: middle;\">\n<h4><span style=\"font-family: helvetica, arial, sans-serif; font-size: 20px;\"><strong>Wusel TV Mediathek &#8211; Filme und Dokus online ansehen<\/strong><\/span><\/h4>\n<\/td>\n<\/tr>\n<tr>\n<td style=\"width: 100%;\">\n<h4><span style=\"font-family: helvetica, arial, sans-serif; font-size: 20px;\"><strong>\u00a0<\/strong><\/span><\/h4>\n<\/td>\n<\/tr>\n<\/tbody>\n<\/table>\n<table style=\"border-collapse: collapse; width: 99.4199%; height: 1399px;\">\n<tbody>\n<tr style=\"height: 36px; background-color: #f7f2f2;\">\n<td style=\"vertical-align: bottom; width: 100.072%; height: 36px;\" colspan=\"5\"><span style=\"color: #0000ff; font-size: 20px;\"><strong><span style=\"font-family: helvetica, arial, sans-serif;\">2024<\/span><\/strong><\/span><\/td>\n<\/tr>\n<tr style=\"height: 18px;\">\n<td style=\"vertical-align: bottom; height: 18px;\" colspan=\"5\">\n<hr \/>\n<\/td>\n<\/tr>\n<tr style=\"height: 150px;\">\n<td style=\"width: 20.0145%; height: 150px; vertical-align: middle;\"><strong><span style=\"font-family: helvetica, arial, sans-serif; color: #0000ff;\"><a style=\"color: #0000ff;\" href=\"https:\/\/wuselkusen.de\/wp-content\/uploads\/2024\/08\/Wuselkusen-2024-Werbung-Lederwerkstatt.mov\" target=\"_blank\" rel=\"noopener\"><img decoding=\"async\" class=\"wp-image-2581 size-thumbnail alignleft\" src=\"https:\/\/wuselkusen.de\/wp-content\/uploads\/2024\/07\/2024-Wuselkusen-am-Montag-14-150x150.jpg\" alt=\"\" width=\"150\" height=\"150\" \/><\/a><\/span><\/strong><\/td>\n<td style=\"width: 20.0145%; height: 150px; vertical-align: middle;\"><a href=\"https:\/\/wuselkusen.de\/wp-content\/uploads\/2024\/08\/Werbung-Tanzensemble.mov\" target=\"_blank\" rel=\"noopener\"><img decoding=\"async\" class=\"alignnone size-thumbnail wp-image-2708\" src=\"https:\/\/wuselkusen.de\/wp-content\/uploads\/2024\/08\/2024-Wuselkusen-Do-09-150x150.jpg\" alt=\"\" width=\"150\" height=\"150\" \/><\/a><\/td>\n<td style=\"width: 20.0145%; height: 150px; text-align: center; vertical-align: middle;\"><a href=\"https:\/\/wuselkusen.de\/wp-content\/uploads\/2024\/08\/Wuselkusen-2024-Werbung-Druckerei.mov\" target=\"_blank\" rel=\"noopener\"><img decoding=\"async\" class=\"alignnone size-thumbnail wp-image-2713\" src=\"https:\/\/wuselkusen.de\/wp-content\/uploads\/2024\/08\/2024-Wuselkusen-Do-14-150x150.jpg\" alt=\"\" width=\"150\" height=\"150\" \/><\/a><\/td>\n<td style=\"width: 20.0145%; height: 150px; vertical-align: middle;\"><a href=\"https:\/\/wuselkusen.de\/wp-content\/uploads\/2024\/08\/Wuselkusen-2024-Werbung-Druckerei.mov\" target=\"_blank\" rel=\"noopener\"><img loading=\"lazy\" decoding=\"async\" class=\"size-thumbnail wp-image-2671 alignleft\" src=\"https:\/\/wuselkusen.de\/wp-content\/uploads\/2024\/08\/2024-Wuselkusen-am-Mittwoch-01-150x150.jpg\" alt=\"\" width=\"150\" height=\"150\" \/><\/a><\/td>\n<td style=\"width: 20.0141%; height: 150px; vertical-align: middle;\"><img loading=\"lazy\" decoding=\"async\" class=\"size-thumbnail wp-image-2715 alignleft\" src=\"https:\/\/wuselkusen.de\/wp-content\/uploads\/2024\/08\/2024-Wuselkusen-Logo-Makerspace-150x150.jpg\" alt=\"\" width=\"150\" height=\"150\" srcset=\"https:\/\/wuselkusen.de\/wp-content\/uploads\/2024\/08\/2024-Wuselkusen-Logo-Makerspace-150x150.jpg 150w, https:\/\/wuselkusen.de\/wp-content\/uploads\/2024\/08\/2024-Wuselkusen-Logo-Makerspace-300x300.jpg 300w, https:\/\/wuselkusen.de\/wp-content\/uploads\/2024\/08\/2024-Wuselkusen-Logo-Makerspace.jpg 356w\" sizes=\"(max-width: 150px) 100vw, 150px\" \/><\/td>\n<\/tr>\n<tr style=\"height: 18px;\">\n<td style=\"width: 100.072%; vertical-align: middle; height: 18px;\" colspan=\"5\">\n<hr \/>\n<\/td>\n<\/tr>\n<tr style=\"height: 24px;\">\n<td style=\"width: 20.0145%; vertical-align: middle; height: 24px;\">\u00a0<\/td>\n<td style=\"width: 20.0145%; vertical-align: middle; height: 24px;\">\u00a0<\/td>\n<td style=\"width: 20.0145%; text-align: center; vertical-align: middle; height: 24px;\">\u00a0<\/td>\n<td style=\"width: 20.0145%; vertical-align: middle; height: 24px;\">\u00a0<\/td>\n<td style=\"width: 20.0141%; vertical-align: middle; height: 24px;\">\u00a0<\/td>\n<\/tr>\n<tr style=\"height: 36px; background-color: f7f2f2;\">\n<td style=\"width: 20.0145%; vertical-align: middle; height: 36px;\"><span style=\"color: #0000ff; font-size: 20px; font-family: helvetica, arial, sans-serif;\"><strong>2022<\/strong><\/span><\/td>\n<td style=\"width: 20.0145%; vertical-align: middle; height: 36px;\">\u00a0<\/td>\n<td style=\"width: 20.0145%; text-align: center; vertical-align: middle; height: 36px;\">\u00a0<\/td>\n<td style=\"width: 20.0145%; vertical-align: middle; height: 36px;\">\u00a0<\/td>\n<td style=\"width: 20.0141%; vertical-align: middle; height: 36px;\">\u00a0<\/td>\n<\/tr>\n<tr style=\"height: 18px;\">\n<td style=\"width: 100.072%; vertical-align: middle; height: 18px;\" colspan=\"5\">\n<hr \/>\n<\/td>\n<\/tr>\n<tr style=\"height: 24px;\">\n<td style=\"width: 20.0145%; height: 150px; vertical-align: middle; text-align: center;\"><a href=\"https:\/\/wuselkusen.de\/wp-content\/uploads\/2024\/08\/wuseltv-buergermeister-werbung-extended.mp4\" target=\"_blank\" rel=\"noopener\"><img loading=\"lazy\" decoding=\"async\" class=\"size-thumbnail wp-image-2361 alignleft\" src=\"https:\/\/wuselkusen.de\/wp-content\/uploads\/2022\/08\/P1210772-Gross-150x150.jpg\" alt=\"\" width=\"150\" height=\"150\" srcset=\"https:\/\/wuselkusen.de\/wp-content\/uploads\/2022\/08\/P1210772-Gross-150x150.jpg 150w, https:\/\/wuselkusen.de\/wp-content\/uploads\/2022\/08\/P1210772-Gross-500x500.jpg 500w, https:\/\/wuselkusen.de\/wp-content\/uploads\/2022\/08\/P1210772-Gross-400x400.jpg 400w\" sizes=\"(max-width: 150px) 100vw, 150px\" \/><\/a><\/td>\n<td style=\"width: 20.0145%; vertical-align: middle; height: 150px; text-align: center;\"><a href=\"https:\/\/wuselkusen.de\/wp-content\/uploads\/2024\/08\/WuselTV-komplett-05082022.mov\" target=\"_blank\" rel=\"noopener\"><img loading=\"lazy\" decoding=\"async\" class=\"alignnone size-thumbnail wp-image-2445\" src=\"https:\/\/wuselkusen.de\/wp-content\/uploads\/2022\/08\/P1210816-Mittel-150x150.jpg\" alt=\"\" width=\"150\" height=\"150\" srcset=\"https:\/\/wuselkusen.de\/wp-content\/uploads\/2022\/08\/P1210816-Mittel-150x150.jpg 150w, https:\/\/wuselkusen.de\/wp-content\/uploads\/2022\/08\/P1210816-Mittel-500x500.jpg 500w, https:\/\/wuselkusen.de\/wp-content\/uploads\/2022\/08\/P1210816-Mittel-400x400.jpg 400w\" sizes=\"(max-width: 150px) 100vw, 150px\" \/><\/a><\/td>\n<td style=\"width: 20.0145%; text-align: center; vertical-align: middle; height: 150px;\"><a href=\"https:\/\/wuselkusen.de\/wp-content\/uploads\/2024\/08\/WuselTV-Nachrichten-04082022-.mpg\" target=\"_blank\" rel=\"noopener\"><img loading=\"lazy\" decoding=\"async\" class=\"alignnone size-thumbnail wp-image-2488\" src=\"https:\/\/wuselkusen.de\/wp-content\/uploads\/2022\/08\/2022.08.06-Foto-Abschluss-150x150.jpg\" alt=\"\" width=\"150\" height=\"150\" srcset=\"https:\/\/wuselkusen.de\/wp-content\/uploads\/2022\/08\/2022.08.06-Foto-Abschluss-150x150.jpg 150w, https:\/\/wuselkusen.de\/wp-content\/uploads\/2022\/08\/2022.08.06-Foto-Abschluss-400x400.jpg 400w\" sizes=\"(max-width: 150px) 100vw, 150px\" \/><\/a><\/td>\n<td style=\"width: 20.0145%; vertical-align: middle; height: 150px; text-align: center;\">\u00a0<\/td>\n<td style=\"width: 20.0141%; vertical-align: middle; height: 150px; text-align: center;\">\u00a0<\/td>\n<\/tr>\n<tr style=\"height: 24px;\">\n<td style=\"width: 100.072%; vertical-align: middle; height: 24px;\" colspan=\"5\">\n<hr \/>\n<\/td>\n<\/tr>\n<tr style=\"height: 24px;\">\n<td style=\"width: 20.0145%; vertical-align: middle; height: 24px;\">\u00a0<\/td>\n<td style=\"width: 20.0145%; vertical-align: middle; height: 24px;\">\u00a0<\/td>\n<td style=\"width: 20.0145%; text-align: center; vertical-align: middle; height: 24px;\">\u00a0<\/td>\n<td style=\"width: 20.0145%; vertical-align: middle; height: 24px;\">\u00a0<\/td>\n<td style=\"width: 20.0141%; vertical-align: middle; height: 24px;\">\u00a0<\/td>\n<\/tr>\n<tr style=\"height: 24px;\">\n<td style=\"width: 20.0145%; vertical-align: middle; height: 24px;\"><span style=\"color: #0000ff; font-size: 20px;\"><strong><span style=\"font-family: helvetica, arial, sans-serif;\">2018<\/span><\/strong><\/span><\/td>\n<td style=\"width: 20.0145%; vertical-align: middle; height: 24px;\">\u00a0<\/td>\n<td style=\"width: 20.0145%; text-align: center; vertical-align: middle; height: 24px;\">\u00a0<\/td>\n<td style=\"width: 20.0145%; vertical-align: middle; height: 24px;\">\u00a0<\/td>\n<td style=\"width: 20.0141%; vertical-align: middle; height: 24px;\">\u00a0<\/td>\n<\/tr>\n<tr style=\"height: 24px;\">\n<td style=\"width: 20.0145%; vertical-align: middle; height: 24px;\" colspan=\"5\">\n<hr \/>\n<\/td>\n<\/tr>\n<tr style=\"height: 150px;\">\n<td style=\"width: 20.0145%; vertical-align: middle; height: 150px;\">\u00a0<\/td>\n<td style=\"width: 20.0145%; vertical-align: middle; height: 150px;\">\u00a0<\/td>\n<td style=\"width: 20.0145%; text-align: center; vertical-align: middle; height: 150px;\">\u00a0<\/td>\n<td style=\"width: 20.0145%; vertical-align: middle; height: 150px;\">\u00a0<\/td>\n<td style=\"width: 20.0141%; vertical-align: middle; height: 150px;\">\u00a0<\/td>\n<\/tr>\n<tr style=\"height: 18px;\">\n<td style=\"width: 20.0145%; vertical-align: middle; height: 18px;\" colspan=\"5\">\n<hr \/>\n<\/td>\n<\/tr>\n<tr style=\"height: 24px;\">\n<td style=\"width: 20.0145%; vertical-align: middle; height: 24px;\">\u00a0<\/td>\n<td style=\"width: 20.0145%; vertical-align: middle; height: 24px;\">\u00a0<\/td>\n<td style=\"width: 20.0145%; text-align: center; vertical-align: middle; height: 24px;\">\u00a0<\/td>\n<td style=\"width: 20.0145%; vertical-align: middle; height: 24px;\">\u00a0<\/td>\n<td style=\"width: 20.0141%; vertical-align: middle; height: 24px;\">\u00a0<\/td>\n<\/tr>\n<tr style=\"height: 36px; background-color: f7f2f2;\">\n<td style=\"width: 20.0145%; vertical-align: middle; height: 36px;\"><span style=\"font-family: helvetica, arial, sans-serif; font-size: 20px; color: #0000ff;\"><strong>2016<\/strong><\/span><\/td>\n<td style=\"width: 20.0145%; vertical-align: middle; height: 36px;\">\u00a0<\/td>\n<td style=\"width: 20.0145%; text-align: center; vertical-align: middle; height: 36px;\">\u00a0<\/td>\n<td style=\"width: 20.0145%; vertical-align: middle; height: 36px;\">\u00a0<\/td>\n<td style=\"width: 20.0141%; vertical-align: middle; height: 36px;\">\u00a0<\/td>\n<\/tr>\n<tr style=\"height: 156px;\">\n<td style=\"width: 20.0145%; vertical-align: middle; height: 156px;\"><a href=\"https:\/\/wuselkusen.de\/wp-content\/uploads\/2024\/08\/Kinder-gruenden-neuen-Konzer-Stadtteil-Ferienfreizeit-in-Spielstadt-Wuselkusen-laeuft-bis-Samstag.mov\" target=\"_blank\" rel=\"noopener\"><img loading=\"lazy\" decoding=\"async\" class=\"alignnone size-thumbnail wp-image-1983\" src=\"https:\/\/wuselkusen.de\/wp-content\/uploads\/2022\/05\/P1090843_Kopie-150x150.jpg\" alt=\"\" width=\"150\" height=\"150\" srcset=\"https:\/\/wuselkusen.de\/wp-content\/uploads\/2022\/05\/P1090843_Kopie-150x150.jpg 150w, https:\/\/wuselkusen.de\/wp-content\/uploads\/2022\/05\/P1090843_Kopie-500x500.jpg 500w, https:\/\/wuselkusen.de\/wp-content\/uploads\/2022\/05\/P1090843_Kopie-400x400.jpg 400w\" sizes=\"(max-width: 150px) 100vw, 150px\" \/><\/a><\/td>\n<td style=\"width: 20.0145%; vertical-align: middle; height: 156px;\">\u00a0<\/td>\n<td style=\"width: 20.0145%; text-align: center; vertical-align: middle; height: 156px;\">\u00a0<\/td>\n<td style=\"width: 20.0145%; vertical-align: middle; height: 156px;\">\u00a0<\/td>\n<td style=\"width: 20.0141%; vertical-align: middle; height: 156px;\">\u00a0<\/td>\n<\/tr>\n<tr style=\"height: 24px;\">\n<td style=\"width: 20.0145%; vertical-align: middle; height: 24px;\"><span style=\"font-size: 12px; font-family: helvetica, arial, sans-serif;\">Der TV bereichtete<\/span><\/td>\n<td style=\"width: 20.0145%; vertical-align: middle; height: 24px;\">\u00a0<\/td>\n<td style=\"width: 20.0145%; text-align: center; vertical-align: middle; height: 24px;\">\u00a0<\/td>\n<td style=\"width: 20.0145%; vertical-align: middle; height: 24px;\">\u00a0<\/td>\n<td style=\"width: 20.0141%; vertical-align: middle; height: 24px;\">\u00a0<\/td>\n<\/tr>\n<tr style=\"height: 24px;\">\n<td style=\"width: 20.0145%; vertical-align: middle; height: 25px;\" colspan=\"5\">\n<hr \/>\n<\/td>\n<\/tr>\n<tr style=\"height: 24px;\">\n<td style=\"width: 20.0145%; vertical-align: middle; height: 24px;\"><span style=\"font-size: 20px; color: #0000ff;\"><strong><span style=\"font-family: helvetica, arial, sans-serif;\">2014<\/span><\/strong><\/span><\/td>\n<td style=\"width: 20.0145%; vertical-align: middle; height: 24px;\">\u00a0<\/td>\n<td style=\"width: 20.0145%; text-align: center; vertical-align: middle; height: 24px;\">\u00a0<\/td>\n<td style=\"width: 20.0145%; vertical-align: middle; height: 24px;\">\u00a0<\/td>\n<td style=\"width: 20.0141%; vertical-align: middle; height: 24px;\">\u00a0<\/td>\n<\/tr>\n<tr style=\"height: 24px;\">\n<td style=\"width: 20.0145%; height: 150px; text-align: left; vertical-align: middle;\"><span style=\"font-size: 12px; font-family: helvetica, arial, sans-serif;\">\u00a0<\/span><\/td>\n<td style=\"width: 20.0145%; vertical-align: middle; height: 150px;\">\u00a0<\/td>\n<td style=\"width: 20.0145%; text-align: center; vertical-align: middle; height: 150px;\">\u00a0<\/td>\n<td style=\"width: 20.0145%; vertical-align: middle; height: 150px;\">\u00a0<\/td>\n<td style=\"width: 20.0141%; vertical-align: middle; height: 150px;\">\u00a0<\/td>\n<\/tr>\n<tr style=\"height: 24px;\">\n<td style=\"width: 20.0145%; vertical-align: middle; height: 24px;\" colspan=\"5\">\n<hr \/>\n<\/td>\n<\/tr>\n<tr style=\"height: 24px;\">\n<td style=\"width: 20.0145%; vertical-align: middle; height: 24px;\"><span style=\"font-size: 12px; font-family: helvetica, arial, sans-serif;\"><span style=\"color: #0000ff; font-size: 20px;\"><strong>2012<\/strong><\/span><br \/>\n<\/span><\/td>\n<td style=\"width: 20.0145%; vertical-align: middle; height: 24px;\">\u00a0<\/td>\n<td style=\"width: 20.0145%; text-align: center; vertical-align: middle; height: 24px;\">\u00a0<\/td>\n<td style=\"width: 20.0145%; vertical-align: middle; height: 24px;\">\u00a0<\/td>\n<td style=\"width: 20.0141%; vertical-align: middle; height: 24px;\">\u00a0<\/td>\n<\/tr>\n<tr style=\"height: 24px;\">\n<td style=\"width: 20.0145%; height: 150px; vertical-align: middle;\"><span style=\"font-size: 12px; font-family: helvetica, arial, sans-serif;\">\u00a0<\/span><\/td>\n<td style=\"width: 20.0145%; vertical-align: middle; height: 150px;\">\u00a0<\/td>\n<td style=\"width: 20.0145%; text-align: center; vertical-align: middle; height: 150px;\">\u00a0<\/td>\n<td style=\"width: 20.0145%; vertical-align: middle; height: 150px;\">\u00a0<\/td>\n<td style=\"width: 20.0141%; vertical-align: middle; height: 150px;\">\u00a0<\/td>\n<\/tr>\n<tr style=\"height: 24px;\">\n<td style=\"width: 20.0145%; vertical-align: middle; height: 24px;\" colspan=\"5\">\n<hr \/>\n<\/td>\n<\/tr>\n<tr style=\"height: 24px;\">\n<td style=\"width: 20.0145%; vertical-align: middle; height: 24px;\"><span style=\"font-size: 12px; font-family: helvetica, arial, sans-serif;\">\u00a0<\/span><\/td>\n<td style=\"width: 20.0145%; vertical-align: middle; height: 24px;\">\u00a0<\/td>\n<td style=\"width: 20.0145%; text-align: center; vertical-align: middle; height: 24px;\">\u00a0<\/td>\n<td style=\"width: 20.0145%; vertical-align: middle; height: 24px;\">\u00a0<\/td>\n<td style=\"width: 20.0141%; vertical-align: middle; height: 24px;\">\u00a0<\/td>\n<\/tr>\n<\/tbody>\n<\/table>\n<p>&nbsp;<\/p>\n<p>&nbsp;<\/p>\n<p>&nbsp;<\/p>\n","protected":false},"excerpt":{"rendered":"<p>Wusel TV \u2013 Dein Fernsehsender Du wolltest schon immer einmal Kameramann oder -frau, Redakteur oder Regisseur sein? Dann bist du bei Wusel TV genau richtig! Erlebe die Welt des Fernsehens hautnah Bei Wusel TV hast du die M\u00f6glichkeit, in die aufregende Welt des Fernsehens einzutauchen. Ob du die aktuellsten Nachrichten jagst oder die spannendsten Bilder [&hellip;]<\/p>\n","protected":false},"author":1,"featured_media":0,"parent":391,"menu_order":0,"comment_status":"closed","ping_status":"closed","template":"","meta":{"footnotes":""},"class_list":["post-97","page","type-page","status-publish","hentry"],"_links":{"self":[{"href":"https:\/\/wuselkusen.de\/index.php?rest_route=\/wp\/v2\/pages\/97","targetHints":{"allow":["GET"]}}],"collection":[{"href":"https:\/\/wuselkusen.de\/index.php?rest_route=\/wp\/v2\/pages"}],"about":[{"href":"https:\/\/wuselkusen.de\/index.php?rest_route=\/wp\/v2\/types\/page"}],"author":[{"embeddable":true,"href":"https:\/\/wuselkusen.de\/index.php?rest_route=\/wp\/v2\/users\/1"}],"replies":[{"embeddable":true,"href":"https:\/\/wuselkusen.de\/index.php?rest_route=%2Fwp%2Fv2%2Fcomments&post=97"}],"version-history":[{"count":69,"href":"https:\/\/wuselkusen.de\/index.php?rest_route=\/wp\/v2\/pages\/97\/revisions"}],"predecessor-version":[{"id":2881,"href":"https:\/\/wuselkusen.de\/index.php?rest_route=\/wp\/v2\/pages\/97\/revisions\/2881"}],"up":[{"embeddable":true,"href":"https:\/\/wuselkusen.de\/index.php?rest_route=\/wp\/v2\/pages\/391"}],"wp:attachment":[{"href":"https:\/\/wuselkusen.de\/index.php?rest_route=%2Fwp%2Fv2%2Fmedia&parent=97"}],"curies":[{"name":"wp","href":"https:\/\/api.w.org\/{rel}","templated":true}]}}