{"id":48,"date":"2022-01-14T13:06:47","date_gmt":"2022-01-14T13:06:47","guid":{"rendered":"https:\/\/wuselkusen.de\/?page_id=48"},"modified":"2025-09-24T14:56:40","modified_gmt":"2025-09-24T14:56:40","slug":"48-2","status":"publish","type":"page","link":"https:\/\/wuselkusen.de\/?page_id=48","title":{"rendered":"\u00d6ffnungszeiten und Zeitraum"},"content":{"rendered":"<p><\/p>\r\n<table style=\"border-collapse: collapse; width: 100%; height: 258px;\">\r\n<tbody>\r\n<tr style=\"height: 210px;\">\r\n<td style=\"width: 1.48658%; height: 210px;\">\u00a0<\/td>\r\n<td style=\"width: 98.5134%; height: 210px;\">\r\n<p id=\"offnungszeiten-und-zeitraum-die-spielstadt-fur-kinder-in-konz-findet-alle-zwei-jahre-in-den-sommerferienwochen-statt-sie-umfasst-eine-ferienwoche-von-montags-bis-einschl-samstags-6-tage-taglich-von-10-00-17-00-uhr-die-nachste-spielstadt-findet-statt-vom-01-bis-zum-06-august-2022-teilnehmen-konnen-kinder-im-alter-von-7-bis-13-jahren-und-ist-nur-moglich-mit-einer-verbindlichen-anmeldung-daraus-folgt-dass-die-ferienwoche-mit-einer-festen-teilnehmergruppe-gestaltet-wird-die-anmeldungen-zum-ferienprogramm-sind-ausschliesslich-uber-unser-online-anmeldeportal-ab-dem-30-01-2022-um-12-00-uhr-moglich-vorherige-anfragen-konnen-nicht-berucksichtigt-werden-zur-anmeldung-weitere-informationen-und-auskunft-haus-der-jugend-konzwiltinger-str-4854329-konz-tel-06501-94050www-hdj-konz-de\">Die Spielstadt f\u00fcr Kinder in Konz findet alle zwei Jahre in den Sommerferienwochen statt. Sie umfasst eine Ferienwoche von montags bis einschl. samstags (=6 Tage), t\u00e4glich von 10:00 &#8211; 17:00 Uhr. \u00a0<\/p>\r\n<p><\/p>\r\n<p><\/p>\r\n<p id=\"offnungszeiten-und-zeitraum-die-spielstadt-fur-kinder-in-konz-findet-alle-zwei-jahre-in-den-sommerferienwochen-statt-sie-umfasst-eine-ferienwoche-von-montags-bis-einschl-samstags-6-tage-taglich-von-10-00-17-00-uhr-die-nachste-spielstadt-findet-statt-vom-01-bis-zum-06-august-2022-teilnehmen-konnen-kinder-im-alter-von-7-bis-13-jahren-und-ist-nur-moglich-mit-einer-verbindlichen-anmeldung-daraus-folgt-dass-die-ferienwoche-mit-einer-festen-teilnehmergruppe-gestaltet-wird-die-anmeldungen-zum-ferienprogramm-sind-ausschliesslich-uber-unser-online-anmeldeportal-ab-dem-30-01-2022-um-12-00-uhr-moglich-vorherige-anfragen-konnen-nicht-berucksichtigt-werden-zur-anmeldung-weitere-informationen-und-auskunft-haus-der-jugend-konzwiltinger-str-4854329-konz-tel-06501-94050www-hdj-konz-de\">Die n\u00e4chste Spielstadt findet in den n\u00e4chsten Sommerferien <strong>vom 29. Juni bis 4. Juli 2026<\/strong> statt.<\/p>\r\n<p><\/p>\r\n<p><\/p>\r\n<p id=\"offnungszeiten-und-zeitraum-die-spielstadt-fur-kinder-in-konz-findet-alle-zwei-jahre-in-den-sommerferienwochen-statt-sie-umfasst-eine-ferienwoche-von-montags-bis-einschl-samstags-6-tage-taglich-von-10-00-17-00-uhr-die-nachste-spielstadt-findet-statt-vom-01-bis-zum-06-august-2022-teilnehmen-konnen-kinder-im-alter-von-7-bis-13-jahren-und-ist-nur-moglich-mit-einer-verbindlichen-anmeldung-daraus-folgt-dass-die-ferienwoche-mit-einer-festen-teilnehmergruppe-gestaltet-wird-die-anmeldungen-zum-ferienprogramm-sind-ausschliesslich-uber-unser-online-anmeldeportal-ab-dem-30-01-2022-um-12-00-uhr-moglich-vorherige-anfragen-konnen-nicht-berucksichtigt-werden-zur-anmeldung-weitere-informationen-und-auskunft-haus-der-jugend-konzwiltinger-str-4854329-konz-tel-06501-94050www-hdj-konz-de\">Teilnehmen k\u00f6nnen Kinder im Alter von 7 bis 13 Jahren und ist nur m\u00f6glich mit einer verbindlichen Anmeldung. Daraus folgt, dass die Ferienwoche mit einer festen Teilnehmergruppe gestaltet wird. Die Anmeldungen zum Ferienprogramm sind ausschlie\u00dflich \u00fcber unser Online-Anmeldeportal ab dem <strong>25<\/strong><b>.01.2026 <\/b>um 12:00 Uhr m\u00f6glich. Vorherige Anfragen k\u00f6nnen nicht ber\u00fccksichtigt werden. \u00a0<\/p>\r\n<p><a href=\"http:\/\/anmeldung.hdj-konz.de\/\" target=\"_blank\" rel=\"noreferrer noopener\">&gt;&gt;<\/a><a href=\"https:\/\/varaus2021.de\/?namespace=1&amp;facilities=Haus+der+Jugend+Konz\" target=\"_blank\" rel=\"noreferrer noopener\">Zur Anmeldung<\/a>&lt;&lt;<\/p>\r\n<\/td>\r\n<\/tr>\r\n<tr style=\"height: 24px;\">\r\n<td style=\"width: 1.48658%; height: 24px;\">\u00a0<\/td>\r\n<td style=\"width: 98.5134%; height: 24px;\">\r\n<p id=\"offnungszeiten-und-zeitraum-die-spielstadt-fur-kinder-in-konz-findet-alle-zwei-jahre-in-den-sommerferienwochen-statt-sie-umfasst-eine-ferienwoche-von-montags-bis-einschl-samstags-6-tage-taglich-von-10-00-17-00-uhr-die-nachste-spielstadt-findet-statt-vom-01-bis-zum-06-august-2022-teilnehmen-konnen-kinder-im-alter-von-7-bis-13-jahren-und-ist-nur-moglich-mit-einer-verbindlichen-anmeldung-daraus-folgt-dass-die-ferienwoche-mit-einer-festen-teilnehmergruppe-gestaltet-wird-die-anmeldungen-zum-ferienprogramm-sind-ausschliesslich-uber-unser-online-anmeldeportal-ab-dem-30-01-2022-um-12-00-uhr-moglich-vorherige-anfragen-konnen-nicht-berucksichtigt-werden-zur-anmeldung-weitere-informationen-und-auskunft-haus-der-jugend-konzwiltinger-str-4854329-konz-tel-06501-94050www-hdj-konz-de\"><strong>Weitere Informationen und Auskunft:<\/strong> <br \/>\r\nHaus der Jugend\u00a0Konz<br \/>\r\nWiltinger Str. 48<br \/>\r\n54329 Konz Tel: 06501 &#8211; 94050<\/p>\r\n<p><a href=\"http:\/\/www.juentko.de\">www.hdj-konz.de<\/a><\/p>\r\n<\/td>\r\n<\/tr>\r\n<\/tbody>\r\n<\/table>\r\n<p id=\"offnungszeiten-und-zeitraum-die-spielstadt-fur-kinder-in-konz-findet-alle-zwei-jahre-in-den-sommerferienwochen-statt-sie-umfasst-eine-ferienwoche-von-montags-bis-einschl-samstags-6-tage-taglich-von-10-00-17-00-uhr-die-nachste-spielstadt-findet-statt-vom-01-bis-zum-06-august-2022-teilnehmen-konnen-kinder-im-alter-von-7-bis-13-jahren-und-ist-nur-moglich-mit-einer-verbindlichen-anmeldung-daraus-folgt-dass-die-ferienwoche-mit-einer-festen-teilnehmergruppe-gestaltet-wird-die-anmeldungen-zum-ferienprogramm-sind-ausschliesslich-uber-unser-online-anmeldeportal-ab-dem-30-01-2022-um-12-00-uhr-moglich-vorherige-anfragen-konnen-nicht-berucksichtigt-werden-zur-anmeldung-weitere-informationen-und-auskunft-haus-der-jugend-konzwiltinger-str-4854329-konz-tel-06501-94050www-hdj-konz-de\">\u00a0<\/p>\r\n<p><\/p>\r\n<p><\/p>\r\n<p id=\"offnungszeiten-und-zeitraum-die-spielstadt-fur-kinder-in-konz-findet-alle-zwei-jahre-in-den-sommerferienwochen-statt-sie-umfasst-eine-ferienwoche-von-montags-bis-einschl-samstags-6-tage-taglich-von-10-00-17-00-uhr-die-nachste-spielstadt-findet-statt-vom-01-bis-zum-06-august-2022-teilnehmen-konnen-kinder-im-alter-von-7-bis-13-jahren-und-ist-nur-moglich-mit-einer-verbindlichen-anmeldung-daraus-folgt-dass-die-ferienwoche-mit-einer-festen-teilnehmergruppe-gestaltet-wird-die-anmeldungen-zum-ferienprogramm-sind-ausschliesslich-uber-unser-online-anmeldeportal-ab-dem-30-01-2022-um-12-00-uhr-moglich-vorherige-anfragen-konnen-nicht-berucksichtigt-werden-zur-anmeldung-weitere-informationen-und-auskunft-haus-der-jugend-konzwiltinger-str-4854329-konz-tel-06501-94050www-hdj-konz-de\">\u00a0<\/p>\r\n<p><\/p>\r\n<p><\/p>\r\n<p>&nbsp;<\/p>\r\n<p><\/p>\r\n<p><\/p>\r\n<p><\/p>","protected":false},"excerpt":{"rendered":"<p>\u00a0 Die Spielstadt f\u00fcr Kinder in Konz findet alle zwei Jahre in den Sommerferienwochen statt. Sie umfasst eine Ferienwoche von montags bis einschl. samstags (=6 Tage), t\u00e4glich von 10:00 &#8211; 17:00 Uhr. \u00a0 Die n\u00e4chste Spielstadt findet in den n\u00e4chsten Sommerferien vom 29. Juni bis 4. Juli 2026 statt. Teilnehmen k\u00f6nnen Kinder im Alter von [&hellip;]<\/p>\n","protected":false},"author":1,"featured_media":0,"parent":0,"menu_order":0,"comment_status":"closed","ping_status":"closed","template":"","meta":{"footnotes":""},"class_list":["post-48","page","type-page","status-publish","hentry"],"_links":{"self":[{"href":"https:\/\/wuselkusen.de\/index.php?rest_route=\/wp\/v2\/pages\/48","targetHints":{"allow":["GET"]}}],"collection":[{"href":"https:\/\/wuselkusen.de\/index.php?rest_route=\/wp\/v2\/pages"}],"about":[{"href":"https:\/\/wuselkusen.de\/index.php?rest_route=\/wp\/v2\/types\/page"}],"author":[{"embeddable":true,"href":"https:\/\/wuselkusen.de\/index.php?rest_route=\/wp\/v2\/users\/1"}],"replies":[{"embeddable":true,"href":"https:\/\/wuselkusen.de\/index.php?rest_route=%2Fwp%2Fv2%2Fcomments&post=48"}],"version-history":[{"count":35,"href":"https:\/\/wuselkusen.de\/index.php?rest_route=\/wp\/v2\/pages\/48\/revisions"}],"predecessor-version":[{"id":2960,"href":"https:\/\/wuselkusen.de\/index.php?rest_route=\/wp\/v2\/pages\/48\/revisions\/2960"}],"wp:attachment":[{"href":"https:\/\/wuselkusen.de\/index.php?rest_route=%2Fwp%2Fv2%2Fmedia&parent=48"}],"curies":[{"name":"wp","href":"https:\/\/api.w.org\/{rel}","templated":true}]}}