{"id":419,"date":"2022-01-21T09:05:47","date_gmt":"2022-01-21T09:05:47","guid":{"rendered":"https:\/\/wuselkusen.de\/?page_id=419"},"modified":"2022-01-21T09:57:43","modified_gmt":"2022-01-21T09:57:43","slug":"freizeit-in-wuselkusen","status":"publish","type":"page","link":"https:\/\/wuselkusen.de\/?page_id=419","title":{"rendered":"Freizeit in Wuselkusen"},"content":{"rendered":"<table style=\"width: 100%; border-collapse: collapse;\" border=\"0\">\n<tbody>\n<tr style=\"height: 30px;\" valign=\"middle\">\n<td colspan=\"4\"><strong><span style=\"font-size: small;\">Freizeit in Wuselkusen<\/span><\/strong><\/td>\n<\/tr>\n<tr>\n<td colspan=\"4\">\n<div>\n<hr \/>\n<\/div>\n<\/td>\n<\/tr>\n<tr>\n<td colspan=\"4\">\n<div>Freizeit dient der Entspannung und der pers\u00f6nlichen Entfaltung. In seiner Freizeit widmen sich viele\u00a0Menschen h\u00e4ufig\u00a0ihrer Familie,\u00a0ihren Freunden und Dingen, die\u00a0Freude bereiten, Hobbys wie zum Beispiel dem Spielen, Lesen, Sport treiben, Einkaufen, der Musik, Kunst oder Wissenschaft..<\/div>\n<div>\u00a0<\/div>\n<div>Man nutzt die freie Zeit (also die Zeit nach der Arbeit) f\u00fcr das, was\u00a0einem Spa\u00df macht und was mir wichtig ist..\u00a0\u00a0<\/div>\n<div>\u00a0<\/div>\n<\/td>\n<\/tr>\n<tr>\n<td colspan=\"4\">\n<div>In Wuselkusen findest Du ebenfalls Freizeitbetriebe, die alle dies den anderen B\u00fcrgern und B\u00fcrgerinnen erm\u00f6glichen, wie beispielsweise &#8230;<\/div>\n<\/td>\n<\/tr>\n<\/tbody>\n<\/table>\n<table style=\"width: 100%; border-collapse: collapse;\" border=\"0\">\n<tbody>\n<tr style=\"height: 24px; background-color: #a6c3db;\" valign=\"middle\">\n<td style=\"background-image: url('none'); background-repeat: repeat; background-attachment: scroll; background-position: 0% 0%;\" colspan=\"3\" valign=\"middle\"><strong>&#8230; das Restaurant<\/strong><\/td>\n<\/tr>\n<tr>\n<td colspan=\"3\">\u00a0<\/td>\n<\/tr>\n<tr style=\"height: 24px; background-color: #a6c3db;\" valign=\"middle\">\n<td style=\"background-image: url('none'); background-repeat: repeat; background-attachment: scroll; background-position: 0% 0%;\" colspan=\"3\" valign=\"middle\"><strong>&#8230;\u00a0das Kinocenter<\/strong><\/td>\n<\/tr>\n<tr>\n<td colspan=\"3\">\u00a0<\/td>\n<\/tr>\n<tr style=\"height: 24px; background-color: #a6c3db;\" valign=\"middle\">\n<td style=\"background-image: url('none'); background-repeat: repeat; background-attachment: scroll; background-position: 0% 0%;\" colspan=\"3\" valign=\"middle\"><strong>&#8230;\u00a0Spielen, &amp; Spa\u00df\u00a0im Freizeitpark<\/strong><\/td>\n<\/tr>\n<tr>\n<td colspan=\"3\">\u00a0<\/td>\n<\/tr>\n<tr style=\"height: 24px; background-color: #a6c3db;\" valign=\"middle\">\n<td style=\"background-image: url('none'); background-repeat: repeat; background-attachment: scroll; background-position: 0% 0%;\" colspan=\"3\" valign=\"middle\"><strong>&#8230; die Eisdiele<\/strong><\/td>\n<\/tr>\n<tr>\n<td colspan=\"3\">\u00a0<\/td>\n<\/tr>\n<tr style=\"height: 24px; background-color: #a6c3db;\" valign=\"middle\">\n<td style=\"background-image: url('none'); background-repeat: repeat; background-attachment: scroll; background-position: 0% 0%;\" colspan=\"3\" valign=\"middle\"><strong>&#8230; die Kartbahn<\/strong><\/td>\n<\/tr>\n<tr>\n<td colspan=\"3\">\u00a0<\/td>\n<\/tr>\n<tr style=\"height: 24px; background-color: #a6c3db;\" valign=\"middle\">\n<td style=\"background-image: url('none'); background-repeat: repeat; background-attachment: scroll; background-position: 0% 0%;\" colspan=\"3\" valign=\"middle\"><strong>&#8230; das Bistro<\/strong><\/td>\n<\/tr>\n<tr>\n<td colspan=\"3\">\u00a0<\/td>\n<\/tr>\n<tr style=\"height: 24px; background-color: #a6c3db;\" valign=\"middle\">\n<td style=\"background-image: url('none'); background-repeat: repeat; background-attachment: scroll; background-position: 0% 0%;\" colspan=\"3\" valign=\"middle\"><strong>&#8230; die Beautyfarm <\/strong><\/td>\n<\/tr>\n<tr>\n<td colspan=\"3\">\u00a0<\/td>\n<\/tr>\n<tr style=\"height: 24px; background-color: #a6c3db;\" valign=\"middle\">\n<td style=\"background-image: url('none'); background-repeat: repeat; background-attachment: scroll; background-position: 0% 0%;\" colspan=\"3\" valign=\"middle\"><strong>&#8230; das Tanzstudio<\/strong><\/td>\n<\/tr>\n<tr>\n<td colspan=\"3\">\u00a0<\/td>\n<\/tr>\n<\/tbody>\n<\/table>\n","protected":false},"excerpt":{"rendered":"<p>Freizeit in Wuselkusen Freizeit dient der Entspannung und der pers\u00f6nlichen Entfaltung. In seiner Freizeit widmen sich viele\u00a0Menschen h\u00e4ufig\u00a0ihrer Familie,\u00a0ihren Freunden und Dingen, die\u00a0Freude bereiten, Hobbys wie zum Beispiel dem Spielen, Lesen, Sport treiben, Einkaufen, der Musik, Kunst oder Wissenschaft.. \u00a0 Man nutzt die freie Zeit (also die Zeit nach der Arbeit) f\u00fcr das, was\u00a0einem Spa\u00df [&hellip;]<\/p>\n","protected":false},"author":1,"featured_media":0,"parent":0,"menu_order":0,"comment_status":"closed","ping_status":"closed","template":"","meta":{"footnotes":""},"class_list":["post-419","page","type-page","status-publish","hentry"],"_links":{"self":[{"href":"https:\/\/wuselkusen.de\/index.php?rest_route=\/wp\/v2\/pages\/419","targetHints":{"allow":["GET"]}}],"collection":[{"href":"https:\/\/wuselkusen.de\/index.php?rest_route=\/wp\/v2\/pages"}],"about":[{"href":"https:\/\/wuselkusen.de\/index.php?rest_route=\/wp\/v2\/types\/page"}],"author":[{"embeddable":true,"href":"https:\/\/wuselkusen.de\/index.php?rest_route=\/wp\/v2\/users\/1"}],"replies":[{"embeddable":true,"href":"https:\/\/wuselkusen.de\/index.php?rest_route=%2Fwp%2Fv2%2Fcomments&post=419"}],"version-history":[{"count":1,"href":"https:\/\/wuselkusen.de\/index.php?rest_route=\/wp\/v2\/pages\/419\/revisions"}],"predecessor-version":[{"id":421,"href":"https:\/\/wuselkusen.de\/index.php?rest_route=\/wp\/v2\/pages\/419\/revisions\/421"}],"wp:attachment":[{"href":"https:\/\/wuselkusen.de\/index.php?rest_route=%2Fwp%2Fv2%2Fmedia&parent=419"}],"curies":[{"name":"wp","href":"https:\/\/api.w.org\/{rel}","templated":true}]}}