{"id":225,"date":"2022-01-20T09:37:53","date_gmt":"2022-01-20T09:37:53","guid":{"rendered":"https:\/\/wuselkusen.de\/?page_id=225"},"modified":"2022-01-20T10:05:23","modified_gmt":"2022-01-20T10:05:23","slug":"impressum","status":"publish","type":"page","link":"https:\/\/wuselkusen.de\/?page_id=225","title":{"rendered":"Impressum"},"content":{"rendered":"<p><\/p>\r\n<figure class=\"wp-block-table is-style-regular has-small-font-size\">\r\n<table class=\"has-fixed-layout\" style=\"height: 511px; width: 800px;\">\r\n<tbody>\r\n<tr style=\"height: 24px;\">\r\n<td style=\"height: 24px; width: 800px;\" colspan=\"2\"><strong>Wuselkusen &#8230; die Spielstadt f\u00fcr Kinder ist ein Projekt des \u2026.<\/strong><\/td>\r\n<\/tr>\r\n<tr style=\"height: 24px;\">\r\n<td style=\"height: 24px; width: 200px;\">\u00a0<\/td>\r\n<td style=\"height: 24px; width: 600px;\">\u00a0<\/td>\r\n<\/tr>\r\n<tr style=\"height: 24px;\">\r\n<td style=\"height: 24px; width: 200px;\"><strong>Haus der Jugend Konz<\/strong><\/td>\r\n<td style=\"height: 24px; width: 600px;\">\u00a0<\/td>\r\n<\/tr>\r\n<tr style=\"height: 24px;\">\r\n<td style=\"height: 24px; width: 200px;\">\u00a0<\/td>\r\n<td style=\"height: 24px; width: 600px;\">\u00a0<\/td>\r\n<\/tr>\r\n<tr style=\"height: 48px;\">\r\n<td style=\"height: 48px; width: 200px;\">Anschrift:<\/td>\r\n<td style=\"height: 48px; width: 600px;\">\u00a0Wiltinger Str. 48<br \/>\r\n\u00a054329 Konz<\/td>\r\n<\/tr>\r\n<tr style=\"height: 24px;\">\r\n<td style=\"height: 24px; width: 200px;\">Telefon:<\/td>\r\n<td style=\"height: 24px; width: 600px;\">\u00a006501 &#8211; 94050<\/td>\r\n<\/tr>\r\n<tr style=\"height: 24px;\">\r\n<td style=\"height: 24px; width: 200px;\">Fax:<\/td>\r\n<td style=\"height: 24px; width: 600px;\">\u00a006501 &#8211; 940 555<\/td>\r\n<\/tr>\r\n<tr style=\"height: 24px;\">\r\n<td style=\"height: 24px; width: 200px;\">Email:<\/td>\r\n<td style=\"height: 24px; width: 600px;\">\u00a0info @ junetko.de<\/td>\r\n<\/tr>\r\n<tr style=\"height: 24px;\">\r\n<td style=\"height: 24px; width: 200px;\">Internet:<\/td>\r\n<td style=\"height: 24px; width: 600px;\"><a href=\"http:\/\/www.hdj-konz.de\" target=\"_blank\" rel=\"noreferrer noopener\">\u00a0www.hdj-konz.de<\/a><\/td>\r\n<\/tr>\r\n<tr style=\"height: 48px;\">\r\n<td style=\"height: 48px; width: 200px;\">Vertretungsberechtigter<br \/>\r\nVorstand:<\/td>\r\n<td style=\"height: 48px; width: 600px;\">\u00a0Guido Wacht (Vorsitzender)<\/td>\r\n<\/tr>\r\n<tr style=\"height: 48px;\">\r\n<td style=\"height: 31px; width: 200px;\">Registriernummer:<\/td>\r\n<td style=\"height: 31px; width: 600px;\">\u00a0Amtsgericht Wittlich VR 1589<\/td>\r\n<\/tr>\r\n<tr style=\"height: 24px;\">\r\n<td style=\"height: 24px; width: 200px;\">Gesch\u00e4ftsf\u00fchrer:<\/td>\r\n<td style=\"height: 24px; width: 600px;\">\u00a0Dietmar Grundheber<\/td>\r\n<\/tr>\r\n<tr style=\"height: 48px;\">\r\n<td style=\"height: 48px; width: 200px;\">Inhaltlich Verantwortlicher<br \/>\r\ngem\u00e4\u00df \u00a7 10 Absatz 3 MDStV:<\/td>\r\n<td style=\"height: 48px; width: 600px;\">\u00a0Dietmar Grundheber<\/td>\r\n<\/tr>\r\n<tr style=\"height: 24px;\">\r\n<td style=\"height: 24px; width: 200px;\">\u00a0<\/td>\r\n<td style=\"height: 24px; width: 600px;\">\u00a0<\/td>\r\n<\/tr>\r\n<tr style=\"height: 24px;\">\r\n<td style=\"height: 24px; width: 200px;\">Haftungshinweis:<\/td>\r\n<td style=\"height: 24px; width: 600px;\">\u00a0<\/td>\r\n<\/tr>\r\n<tr style=\"height: 24px;\">\r\n<td style=\"height: 24px; width: 200px;\">\u00a0<\/td>\r\n<td style=\"height: 24px; width: 600px;\">\u00a0<\/td>\r\n<\/tr>\r\n<tr style=\"height: 48px;\">\r\n<td style=\"height: 48px; width: 800px;\" colspan=\"2\">Trotz sorgf\u00e4ltiger inhaltlicher Kontrolle \u00fcbernehmen wir keine Haftung f\u00fcr die Inhalte externer Links. F\u00fcr den Inhalt der verlinkten Seiten sind ausschlie\u00dflich deren Betreiber verantwortlich.<\/td>\r\n<\/tr>\r\n<\/tbody>\r\n<\/table>\r\n<\/figure>\r\n<p><\/p>","protected":false},"excerpt":{"rendered":"<p>Wuselkusen &#8230; die Spielstadt f\u00fcr Kinder ist ein Projekt des \u2026. \u00a0 \u00a0 Haus der Jugend Konz \u00a0 \u00a0 \u00a0 Anschrift: \u00a0Wiltinger Str. 48 \u00a054329 Konz Telefon: \u00a006501 &#8211; 94050 Fax: \u00a006501 &#8211; 940 555 Email: \u00a0info @ junetko.de Internet: \u00a0www.hdj-konz.de Vertretungsberechtigter Vorstand: \u00a0Guido Wacht (Vorsitzender) Registriernummer: \u00a0Amtsgericht Wittlich VR 1589 Gesch\u00e4ftsf\u00fchrer: \u00a0Dietmar Grundheber Inhaltlich [&hellip;]<\/p>\n","protected":false},"author":1,"featured_media":0,"parent":0,"menu_order":0,"comment_status":"closed","ping_status":"closed","template":"","meta":{"footnotes":""},"class_list":["post-225","page","type-page","status-publish","hentry"],"_links":{"self":[{"href":"https:\/\/wuselkusen.de\/index.php?rest_route=\/wp\/v2\/pages\/225","targetHints":{"allow":["GET"]}}],"collection":[{"href":"https:\/\/wuselkusen.de\/index.php?rest_route=\/wp\/v2\/pages"}],"about":[{"href":"https:\/\/wuselkusen.de\/index.php?rest_route=\/wp\/v2\/types\/page"}],"author":[{"embeddable":true,"href":"https:\/\/wuselkusen.de\/index.php?rest_route=\/wp\/v2\/users\/1"}],"replies":[{"embeddable":true,"href":"https:\/\/wuselkusen.de\/index.php?rest_route=%2Fwp%2Fv2%2Fcomments&post=225"}],"version-history":[{"count":16,"href":"https:\/\/wuselkusen.de\/index.php?rest_route=\/wp\/v2\/pages\/225\/revisions"}],"predecessor-version":[{"id":244,"href":"https:\/\/wuselkusen.de\/index.php?rest_route=\/wp\/v2\/pages\/225\/revisions\/244"}],"wp:attachment":[{"href":"https:\/\/wuselkusen.de\/index.php?rest_route=%2Fwp%2Fv2%2Fmedia&parent=225"}],"curies":[{"name":"wp","href":"https:\/\/api.w.org\/{rel}","templated":true}]}}