{"id":220,"date":"2022-01-20T09:35:08","date_gmt":"2022-01-20T09:35:08","guid":{"rendered":"https:\/\/wuselkusen.de\/?page_id=220"},"modified":"2022-01-20T09:37:11","modified_gmt":"2022-01-20T09:37:11","slug":"datenschutzerklaerung","status":"publish","type":"page","link":"https:\/\/wuselkusen.de\/?page_id=220","title":{"rendered":"Datenschutzerkl\u00e4rung"},"content":{"rendered":"\n<pre class=\"wp-block-preformatted\"><strong>Datenschutzerkl\u00e4rung<\/strong>\n\nNachfolgend informieren wir Sie dar\u00fcber, wann wir welche Daten speichern und wie wir diese verwenden. Dabei haben wir technische und organisatorische Ma\u00dfnahmen getroffen, die sicherstellen, dass die Vorschriften \u00fcber den Datenschutz beachtet werden.\n\nSo m\u00f6chten wir Sie an dieser Stelle dar\u00fcber informieren, wie wir Ihre Privatsph\u00e4re sch\u00fctzen, wenn Sie unsere Website besuchen und wenn Sie uns Ihre personenbezogenen Daten zur Verf\u00fcgung stellen.\n\nNeben der selbstverst\u00e4ndlichen Einhaltung der gesetzlichen Bestimmungen zum Datenschutz m\u00f6chten wir uns mit diesen Hinweisen zum verantwortungsvollen Umgang mit Ihren Daten verpflichten, sodass Ihre Privatsph\u00e4re zu jeder Zeit gesch\u00fctzt wird. Auf entsprechende Anfrage werden \u00fcberlassene Informationen unverz\u00fcglich gel\u00f6scht.\n\nUns ist es wichtig, dass Sie sich beim Besuch unserer Internet-Seiten sicher und wohl f\u00fchlen. \n\n1. Allgemeine Informationen\n\nDatenerfassung auf unserer Website\n\nDie Datenverarbeitung auf dieser Website erfolgt durch das Jugendnetzwerk Konz e.V., Olkstra\u00dfe 45 in 54329 Konz.\n\nPersonenbezogene Daten werden zum einen dadurch erhoben, dass Sie uns diese mitteilen. Hierbei kann es sich z.B. um Daten handeln, die Sie in ein Kontaktformular eingeben oder uns zur Anmeldung eines Teilnehmers(in) an Angeboten \u00fcber Online-Anmeldeformular \u00fcbermitteln. Die von Ihnen in diesem Zusammenhang an uns \u00fcbermittelten pers\u00f6nlichen Daten verwenden wir nur zur Erf\u00fcllung einer Dienstleistung gem\u00e4\u00df unseren Allgemeinen Gesch\u00e4ftsbedingungen sowie dieser Datenschutzordnung.\n\nAndere Daten werden automatisch beim Besuch der Website durch unsere IT-Systeme erfasst. Das sind vor allem technische Daten (z.B. Internetbrowser, Betriebssystem oder Uhrzeit des Seitenaufrufs). Die Erfassung dieser Daten erfolgt automatisch, sobald Sie unsere Website betreten. Ein Teil der Daten wird erhoben, um eine fehlerfreie Bereitstellung der Website zu gew\u00e4hrleisten. Andere Daten k\u00f6nnen zur Analyse Ihres Nutzerverhaltens verwendet werden.\n\nSie haben jederzeit das Recht unentgeltlich Auskunft \u00fcber Herkunft, Empf\u00e4nger und Zweck Ihrer gespeicherten personenbezogenen Daten zu erhalten. Sie haben au\u00dferdem ein Recht, die Berichtigung, Sperrung oder L\u00f6schung dieser Daten zu verlangen. Hierzu sowie zu weiteren Fragen zum Thema Datenschutz k\u00f6nnen Sie sich jederzeit an uns wenden.\n\nAnalyse-Tools und Tools von Drittanbietern\n\nBeim Besuch unserer Website kann Ihr Surf-Verhalten statistisch ausgewertet werden. Das geschieht vor allem mit Cookies und mit sogenannten Analyseprogrammen. Die Analyse Ihres Surf-Verhaltens erfolgt in der Regel anonym; das Surf-Verhalten kann nicht zu Ihnen zur\u00fcckverfolgt werden. Sie k\u00f6nnen dieser Analyse widersprechen oder sie durch die Nichtbenutzung bestimmter Tools verhindern.\n\nDatenschutz\n\nWir nehmen den Schutz Ihrer pers\u00f6nlichen Daten sehr ernst und behandeln Ihre personenbezogenen Daten vertraulich und entsprechend der gesetzlichen Datenschutzvorschriften sowie dieser Datenschutzerkl\u00e4rung. Personenbezogene Daten (z.B. Namen, E-Mail-Adressen o. \u00c4.) sind Daten, mit denen Sie pers\u00f6nlich identifiziert werden k\u00f6nnen. Nachfolgend erl\u00e4utern wir, welche Daten wir erheben, wof\u00fcr wir sie nutzen und wie bzw. zu welchem Zweck dies geschieht.\n\nWir weisen darauf hin, dass die Daten\u00fcbertragung im Internet (z.B. bei der Kommunikation per E-Mail) Sicherheitsl\u00fccken aufweisen kann. Ein l\u00fcckenloser Schutz der Daten vor dem Zugriff durch Dritte ist nicht m\u00f6glich.\n\nHinweis zur verantwortlichen Stelle:\n\nVerantwortliche Stelle ist die nat\u00fcrliche oder juristische Person, die allein oder gemeinsam mit anderen \u00fcber die Zwecke und Mittel der Verarbeitung von personenbezogenen Daten entscheidet.\n\nDie verantwortliche Stelle f\u00fcr die Datenverarbeitung auf dieser Website ist das Jugendnetzwerk Konz e.V., Olkstra\u00dfe 45 in 54329 Konz. Das Jugendnetzwerk Konz ist ein gemeinn\u00fctziger Verein und wird vertreten durch den Vorsitzenden: Telefon: +49 6501 94050, E-Mail: info@junetko.de\n\nWiderruf Ihrer Einwilligung zur Datenverarbeitung\n\nViele Datenverarbeitungsvorg\u00e4nge sind nur mit Ihrer ausdr\u00fccklichen Einwilligung m\u00f6glich. Sie k\u00f6nnen eine bereits erteilte Einwilligung jederzeit widerrufen. Dazu reicht eine formlose Mitteilung per E-Mail an uns. Die Rechtm\u00e4\u00dfigkeit der bis zum Widerruf erfolgten Datenverarbeitung bleibt vom Widerruf unber\u00fchrt.\n\nBeschwerderecht bei der zust\u00e4ndigen Aufsichtsbeh\u00f6rde\n\nIm Falle datenschutzrechtlicher Verst\u00f6\u00dfe steht dem Betroffenen ein Beschwerderecht bei der zust\u00e4ndigen Aufsichtsbeh\u00f6rde zu. Zust\u00e4ndige Aufsichtsbeh\u00f6rde in datenschutzrechtlichen Fragen ist der Landesdatenschutzbeauftragte des Bundeslandes Rheinland-Pfalz. Eine Liste der Datenschutzbeauftragten aller Bundesl\u00e4nder sowie deren Kontaktdaten k\u00f6nnen folgendem Link entnommen werden: https:\/\/www.bfdi.bund.de\/DE\/Infothek\/Anschriften_Links\/anschriften_links-node.html.\n\nSSL- bzw. TLS-Verschl\u00fcsselung\n\nDiese Seite nutzt aus Sicherheitsgr\u00fcnden und zum Schutz der \u00dcbertragung vertraulicher Inhalte, wie zum Beispiel Anfragen, die Sie an uns als Seitenbetreiber senden, eine SSL-bzw. TLS-Verschl\u00fcsselung. Eine verschl\u00fcsselte Verbindung erkennen Sie daran, dass die Adresszeile des Browsers von \"http:\/\/\" auf \"https:\/\/\" wechselt und an dem Schloss-Symbol in Ihrer Browserzeile.\n\nWenn die SSL- bzw. TLS-Verschl\u00fcsselung aktiviert ist, k\u00f6nnen die Daten, die Sie an uns \u00fcbermitteln, nicht von Dritten mitgelesen werden.\n\nAuskunft, Sperrung, L\u00f6schung\n\nSie haben im Rahmen der geltenden gesetzlichen Bestimmungen jederzeit das Recht auf unentgeltliche Auskunft \u00fcber Ihre gespeicherten personenbezogenen Daten, deren Herkunft und Empf\u00e4nger und den Zweck der Datenverarbeitung und ggf. ein Recht auf Berichtigung, Sperrung oder L\u00f6schung dieser Daten. Hierzu sowie zu weiteren Fragen zum Thema personenbezogene Daten k\u00f6nnen Sie sich jederzeit unter der im Impressum angegebenen Adresse an uns wenden.\n\nWiderspruch gegen Werbe-Mails\n\nDer Nutzung von im Rahmen der Impressumspflicht ver\u00f6ffentlichten Kontaktdaten zur \u00dcbersendung von nicht ausdr\u00fccklich angeforderter Werbung und Informationsmaterialien wird hiermit widersprochen. Die Betreiber der Seiten behalten sich ausdr\u00fccklich rechtliche Schritte im Falle der unverlangten Zusendung von Werbeinformationen, etwa durch Spam-E-Mails, vor.\n\n3. Datenschutzbeauftragter\n\nGesetzlich vorgeschriebener Datenschutzbeauftragter\n\nWir haben f\u00fcr das Jugendnetzwerk Konz einen Datenschutzbeauftragten bestellt. Jede betroffene Person kann sich jederzeit bei allen Fragen und Anregungen zum Datenschutz direkt an unseren Datenschutzbeauftragten wenden.\n\nJugendnetzwerk Konz e.V.\nz. Hd. Datenschutzbeauftragter\nOlkstra\u00dfe 45\n54329 Konz\n\nTelefon: +49 6501 94050\nE-Mail: datenschutz@junetko.de\n\n4. Datenerfassung auf unseren Webseiten\n\nCookies\n\nDie Internetseiten verwenden teilweise so genannte Cookies. Cookies richten auf Ihrem Rechner keinen Schaden an und enthalten keine Viren. Cookies dienen dazu, unser Angebot nutzerfreundlicher, effektiver und sicherer zu machen. Cookies sind kleine Textdateien, die auf Ihrem Rechner abgelegt werden und die Ihr Browser speichert.\n\nDie meisten der von uns verwendeten Cookies sind so genannte \"Session-Cookies\". Sie werden nach Ende Ihres Besuchs automatisch gel\u00f6scht. Andere Cookies bleiben auf Ihrem Endger\u00e4t gespeichert bis Sie diese l\u00f6schen. Diese Cookies erm\u00f6glichen es uns, Ihren Browser beim n\u00e4chsten Besuch wiederzuerkennen.\n\nSie k\u00f6nnen Ihren Browser so einstellen, dass Sie \u00fcber das Setzen von Cookies informiert werden und Cookies nur im Einzelfall erlauben, die Annahme von Cookies f\u00fcr bestimmte F\u00e4lle oder generell ausschlie\u00dfen sowie das automatische L\u00f6schen der Cookies beim Schlie\u00dfen des Browsers aktivieren. Bei der Deaktivierung von Cookies kann die Funktionalit\u00e4t dieser Website eingeschr\u00e4nkt sein.\n\nCookies, die zur Durchf\u00fchrung des elektronischen Kommunikationsvorgangs oder zur Bereitstellung bestimmter, von Ihnen erw\u00fcnschter Funktionen (z.B. Warenkorbfunktion) erforderlich sind, werden auf Grundlage von Art. 6 Abs. 1 lit. f DSGVO gespeichert. Der Websitebetreiber hat ein berechtigtes Interesse an der Speicherung von Cookies zur technisch fehlerfreien und optimierten Bereitstellung seiner Dienste. Soweit andere Cookies (z.B. Cookies zur Analyse Ihres Surfverhaltens) gespeichert werden, werden diese in dieser Datenschutzerkl\u00e4rung gesondert behandelt.\n\nServer-Log-Dateien\n\nDer Provider der Seiten erhebt und speichert automatisch Informationen in so genannten Server-Log-Dateien, die Ihr Browser automatisch an uns \u00fcbermittelt. Dies sind:\n\n    Browsertyp und Browserversion\n    verwendetes Betriebssystem\n    Referier URL\n    Hostname des zugreifenden Rechners\n    Uhrzeit der Serveranfrage\n    IP-Adresse\n\nEine Zusammenf\u00fchrung dieser Daten mit anderen Datenquellen wird nicht vorgenommen.\n\nGrundlage f\u00fcr die Datenverarbeitung ist Art. 6 Abs. 1 lit. b DSGVO, der die Verarbeitung von Daten zur Erf\u00fcllung eines Vertrags oder vorvertraglicher Ma\u00dfnahmen gestattet.\n\nKontaktformular\n\nWenn Sie uns per Kontaktformular Anfragen zukommen lassen, werden Ihre Angaben aus dem Anfrageformular inklusive der von Ihnen dort angegebenen Kontaktdaten zwecks Bearbeitung der Anfrage und f\u00fcr den Fall von Anschlussfragen bei uns gespeichert. Diese Daten geben wir nicht ohne Ihre Einwilligung weiter.\n\nAnmeldedaten zur Teilnahme an Angeboten und Ma\u00dfnahmen\n\nWenn Sie uns zur Anmeldung von Teilnehmern Daten online zukommen lassen, werden Ihre Angaben aus dem Anmeldeformular inklusive der von Ihnen dort angegebenen Daten zum Teilnehmer und\/oder der Erziehungsberechtigten wie Name, Vorname, Anschrift, Geburtsdatum, Telefonnummer, Emailadresse und weiteren Informationen ausschlie\u00dflich zur Erf\u00fcllung des Angebotes\/der Dienstleistung bzw. zur Kl\u00e4rung von Anschlussfragen bei uns gespeichert.\n\nDie Verarbeitung der im Kontaktformular oder im Anmeldeformular eingegebenen Daten erfolgt somit ausschlie\u00dflich auf Grundlage Ihrer Einwilligung (Art. 6 Abs. 1 lit. a DSGVO). Sie k\u00f6nnen diese Einwilligung jederzeit widerrufen. Dazu reicht eine formlose Mitteilung per E-Mail an uns. Die Rechtm\u00e4\u00dfigkeit der bis zum Widerruf erfolgten Datenverarbeitungsvorg\u00e4nge bleibt vom Widerruf unber\u00fchrt.\n\nDie von Ihnen im Kontaktformular oder im Anmeldeformular eingegebenen Daten verbleiben bei uns, bis Sie uns zur L\u00f6schung auffordern, Ihre Einwilligung zur Speicherung widerrufen oder der Zweck f\u00fcr die Datenspeicherung entf\u00e4llt. Andererseits besuchen Teilnehmer\/innen unserer Angebote i.d.R. \u00fcber einen l\u00e4ngeren Zeitraum, so dass wir aus Vereinfachungsgr\u00fcnden Ihre Daten auch \u00fcber den Zeitraum des Angebotes\/der Ma\u00dfnahme speichern. Falls Sie mit einer Speicherung ihrer Daten \u00fcber den Zeitraum des Angebotes\/der Ma\u00dfnahme nicht einverstanden sind, m\u00f6chten wir Sie bitten, dies im Anmeldeformular vermerken oder gesondert schriftlich mitzuteilen. Dazu reicht eine formlose Mitteilung per E-Mail an uns. Falls dies nicht gesondert vermerken oder uns schriftlich mitgeteilt wurde, gehen wir von Ihrer Zustimmung aus. Zwingende gesetzliche Bestimmungen - insbesondere Aufbewahrungsfristen - bleiben unber\u00fchrt.\n\nElektronischer Informationsversand\n\nWir versenden Online-Ver\u00f6ffentlichungen ausschlie\u00dflich an diejenigen, die die Informationen auch angefragt haben. Ob der angegebene Adressat seine Anfrage pers\u00f6nlich gestellt hat oder ob die Anfrage von Dritten gestellt wurde, k\u00f6nnen wir nicht \u00fcberpr\u00fcfen.\n\nWeitergabe personenbezogener, Informationen an Dritte\n\nWir geben Ihre Daten generell nicht an Dritte weiter. Alle Personen beim Jugendnetzwerk Konz e.V. sind an das Bundesdatenschutzgesetz (BDSG) und nachfolgende gesetzliche Vorschriften gebunden. Nur wenn wir gesetzlich oder per Gerichtsbeschluss dazu verpflichtet werden, werden wir Ihre Daten an auskunftsberechtigte Stellen weitergeben.\n\n5. Analyse Tools und Werbung\n\nGoogle Analytics\n\nDiese Website nutzt Funktionen des Webanalysedienstes Google Analytics. Anbieter ist die Google Inc., 1600 Amphitheatre Parkway, Mountain View, CA 94043, USA.\n\nGoogle Analytics verwendet so genannte \"Cookies\". Das sind Textdateien, die auf Ihrem Computer gespeichert werden und die eine Analyse der Benutzung der Website durch Sie erm\u00f6glichen. Die durch den Cookie erzeugten Informationen \u00fcber Ihre Benutzung dieser Website werden in der Regel an einen Server von Google in den USA \u00fcbertragen und dort gespeichert.\n\nDie Speicherung von Google-Analytics-Cookies erfolgt auf Grundlage von Art. 6 Abs. 1 lit. f DSGVO. Der Websitebetreiber hat ein berechtigtes Interesse an der Analyse des Nutzerverhaltens, um sowohl sein Webangebot als auch seine Werbung zu optimieren.\n\nIP Anonymisierung\n\nWir haben auf dieser Website die Funktion IP-Anonymisierung aktiviert. Dadurch wird Ihre IP-Adresse von Google innerhalb von Mitgliedstaaten der Europ\u00e4ischen Union oder in anderen Vertragsstaaten des Abkommens \u00fcber den Europ\u00e4ischen Wirtschaftsraum vor der \u00dcbermittlung in die USA gek\u00fcrzt. Nur in Ausnahmef\u00e4llen wird die volle IP-Adresse an einen Server von Google in den USA \u00fcbertragen und dort gek\u00fcrzt. Im Auftrag des Betreibers dieser Website wird Google diese Informationen benutzen, um Ihre Nutzung der Website auszuwerten, um Reports \u00fcber die Websiteaktivit\u00e4ten zusammenzustellen und um weitere mit der Websitenutzung und der Internetnutzung verbundene Dienstleistungen gegen\u00fcber dem Websitebetreiber zu erbringen. Die im Rahmen von Google Analytics von Ihrem Browser \u00fcbermittelte IP-Adresse wird nicht mit anderen Daten von Google zusammengef\u00fchrt.\n\n \n\n \n\nBrowser Plugin\n\nSie k\u00f6nnen die Speicherung der Cookies durch eine entsprechende Einstellung Ihrer Browser-Software verhindern; wir weisen Sie jedoch darauf hin, dass Sie in diesem Fall gegebenenfalls nicht s\u00e4mtliche Funktionen dieser Website vollumf\u00e4nglich werden nutzen k\u00f6nnen. Sie k\u00f6nnen dar\u00fcber hinaus die Erfassung der durch den Cookie erzeugten und auf Ihre Nutzung der Website bezogenen Daten (inkl. Ihrer IP-Adresse) an Google sowie die Verarbeitung dieser Daten durch Google verhindern, indem Sie das unter dem folgenden Link verf\u00fcgbare Browser-Plugin herunterladen und installieren: https:\/\/tools.google.com\/dlpage\/gaoptout?hl=de.\n\nWiderspruch gegen Datenerfassung\n\nSie k\u00f6nnen die Erfassung Ihrer Daten durch Google Analytics verhindern, indem Sie auf folgenden Link klicken. \n\nGoogle Analytics deaktivieren\n\nDadurch wird ein Opt-Out-Cookie gesetzt, der die Erfassung Ihrer Daten bei zuk\u00fcnftigen Besuchen dieser Website verhindert. Mehr Informationen zum Umgang mit Nutzerdaten bei Google Analytics finden Sie in der Datenschutzerkl\u00e4rung von Google: https:\/\/support.google.com\/analytics\/answer\/6004245?hl=de.\n\nAuftragsdatenverarbeitung\n\nWir haben mit Google einen Vertrag zur Auftragsdatenverarbeitung abgeschlossen und setzen die strengen Vorgaben der deutschen Datenschutzbeh\u00f6rden bei der Nutzung von Google Analytics vollst\u00e4ndig um.\n\nDemografische Merkmale bei Google Analytics\n\nDiese Website nutzt die Funktion \"demografische Merkmale\" von Google Analytics. Dadurch k\u00f6nnen Berichte erstellt werden, die Aussagen zu Alter, Geschlecht und Interessen der Seitenbesucher enthalten. Diese Daten stammen aus interessenbezogener Werbung von Google sowie aus Besucherdaten von Drittanbietern. Diese Daten k\u00f6nnen keiner bestimmten Person zugeordnet werden. Sie k\u00f6nnen diese Funktion jederzeit \u00fcber die Anzeigeneinstellungen in Ihrem Google-Konto deaktivieren oder die Erfassung Ihrer Daten durch Google Analytics wie im Punkt \"Widerspruch gegen Datenerfassung\" dargestellt generell untersagen.\n\n6. Plugins und Tools\n\nDer Like-Button von Facebook und unsere Zwei-Klick-L\u00f6sung\n\nDamit Sie Inhalte mit Freund(inn)en auf Facebook teilen k\u00f6nnen, verwenden wir den Like-Button von Facebook. Dieser Button erhebt personenbezogene Daten auch dann, wenn Sie weder bei Facebook registriert noch angemeldet sind. Wir wissen nicht, ob, wie und durch wen diese Daten weiterverarbeitet werden und sind daf\u00fcr auch nicht verantwortlich. Daher ist der Button grunds\u00e4tzlich beim Aufruf auf unseren Internetseiten und aller Einzelseiten deaktiviert. Beim \u00dcberfahren mit der Maus erhalten Sie eine Information zur Funktionsweise des Buttons, beim ersten Klick aktivieren Sie ihn, beim zweiten Klick k\u00f6nnen Sie einen Inhalt mit Freund(inn)en bei Facebook teilen. Sie entscheiden selbst, ob Sie den Button aktivieren und damit Facebook personenbezogene Daten \u00fcbermitteln m\u00f6chten oder nicht.\n\nYouTube\n\nUnsere Website nutzt Plugins der von Google betriebenen Seite YouTube. Betreiber der Seiten ist die YouTube, LLC, 901 Cherry Ave., San Bruno, CA 94066, USA. Wenn Sie eine unserer mit einem YouTube-Plugin ausgestatteten Seiten besuchen, wird eine Verbindung zu den Servern von YouTube hergestellt. Dabei wird dem Youtube-Server mitgeteilt, welche unserer Seiten Sie besucht haben.\n\nWenn Sie in Ihrem YouTube-Account eingeloggt sind erm\u00f6glichen Sie YouTube, Ihr Surfverhalten direkt Ihrem pers\u00f6nlichen Profil zuzuordnen. Dies k\u00f6nnen Sie verhindern, indem Sie sich aus Ihrem YouTube-Account ausloggen.\n\nWeitere Informationen zum Umgang von Nutzerdaten finden Sie in der Datenschutzerkl\u00e4rung von YouTube unter: https:\/\/www.google.de\/intl\/de\/policies\/privacy\n\nGoogle Maps\n\nDiese Seite nutzt \u00fcber eine API den Kartendienst Google Maps. Anbieter ist die Google Inc., 1600 Amphitheatre Parkway, Mountain View, CA 94043, USA.\n\nZur Nutzung der Funktionen von Google Maps ist es notwendig, Ihre IP Adresse zu speichern. Diese Informationen werden in der Regel an einen Server von Google in den USA \u00fcbertragen und dort gespeichert. Der Anbieter dieser Seite hat keinen Einfluss auf diese Daten\u00fcbertragung.\n\nDie Nutzung von Google Maps erfolgt im Interesse einer ansprechenden Darstellung unserer Online-Angebote und an einer leichten Auffindbarkeit der von uns auf der Website angegebenen Orte. Dies stellt ein berechtigtes Interesse im Sinne von Art. 6 Abs. 1 lit. f DSGVO dar.\n\nMehr Informationen zum Umgang mit Nutzerdaten finden Sie in der Datenschutzerkl\u00e4rung von Google: https:\/\/www.google.de\/intl\/de\/policies\/privacy\/.<\/pre>\n","protected":false},"excerpt":{"rendered":"<p>Datenschutzerkl\u00e4rung Nachfolgend informieren wir Sie dar\u00fcber, wann wir welche Daten speichern und wie wir diese verwenden. Dabei haben wir technische und organisatorische Ma\u00dfnahmen getroffen, die sicherstellen, dass die Vorschriften \u00fcber den Datenschutz beachtet werden. So m\u00f6chten wir Sie an dieser Stelle dar\u00fcber informieren, wie wir Ihre Privatsph\u00e4re sch\u00fctzen, wenn Sie unsere Website besuchen und wenn [&hellip;]<\/p>\n","protected":false},"author":1,"featured_media":0,"parent":0,"menu_order":0,"comment_status":"closed","ping_status":"closed","template":"","meta":{"footnotes":""},"class_list":["post-220","page","type-page","status-publish","hentry"],"_links":{"self":[{"href":"https:\/\/wuselkusen.de\/index.php?rest_route=\/wp\/v2\/pages\/220","targetHints":{"allow":["GET"]}}],"collection":[{"href":"https:\/\/wuselkusen.de\/index.php?rest_route=\/wp\/v2\/pages"}],"about":[{"href":"https:\/\/wuselkusen.de\/index.php?rest_route=\/wp\/v2\/types\/page"}],"author":[{"embeddable":true,"href":"https:\/\/wuselkusen.de\/index.php?rest_route=\/wp\/v2\/users\/1"}],"replies":[{"embeddable":true,"href":"https:\/\/wuselkusen.de\/index.php?rest_route=%2Fwp%2Fv2%2Fcomments&post=220"}],"version-history":[{"count":3,"href":"https:\/\/wuselkusen.de\/index.php?rest_route=\/wp\/v2\/pages\/220\/revisions"}],"predecessor-version":[{"id":224,"href":"https:\/\/wuselkusen.de\/index.php?rest_route=\/wp\/v2\/pages\/220\/revisions\/224"}],"wp:attachment":[{"href":"https:\/\/wuselkusen.de\/index.php?rest_route=%2Fwp%2Fv2%2Fmedia&parent=220"}],"curies":[{"name":"wp","href":"https:\/\/api.w.org\/{rel}","templated":true}]}}