{"id":111,"date":"2022-01-18T09:37:09","date_gmt":"2022-01-18T09:37:09","guid":{"rendered":"https:\/\/wuselkusen.de\/?page_id=111"},"modified":"2024-08-03T07:31:08","modified_gmt":"2024-08-03T07:31:08","slug":"information","status":"publish","type":"page","link":"https:\/\/wuselkusen.de\/?page_id=111","title":{"rendered":"Information"},"content":{"rendered":"<h2><span style=\"font-family: helvetica, arial, sans-serif;\"><strong>Anders lernen:<\/strong> <\/span><br \/>\n<span style=\"font-family: helvetica, arial, sans-serif;\"><strong>Wuselkusen \u2013 die Spielstadt f\u00fcr Kinder in Konz<\/strong><\/span><\/h2>\n<p><span style=\"font-family: helvetica, arial, sans-serif;\">Kinder sind neugierig und haben unz\u00e4hlige Fragen \u2013 oft zu viele, um sie in unserer schnelllebigen Zeit alle zu beantworten. Die Sommerferien sind normalerweise gepr\u00e4gt von Sonne, Freizeit und Urlaub, w\u00e4hrend Schule und Lernen in weite Ferne r\u00fccken. Doch das Haus der Jugend Konz beweist mit der Spielstadt &#8222;Wuselkusen&#8220;, dass Kinder auch in dieser Zeit die Welt entdecken, neue Impulse erfahren und viel lernen k\u00f6nnen.<\/span><\/p>\n<p><span style=\"font-family: helvetica, arial, sans-serif;\"><strong>Wuselkusen \u2013 Eine Stadt f\u00fcr junge Entdecker<\/strong><\/span><\/p>\n<p><span style=\"font-family: helvetica, arial, sans-serif;\">Wuselkusen ist eine au\u00dfergew\u00f6hnliche Spielstadt, die eine alternative M\u00f6glichkeit bietet, sich mit der Realit\u00e4t auseinanderzusetzen. Das Schl\u00fcsselwort ist &#8222;spielen&#8220;. In Wuselkusen entsteht ein Raum, in dem Kinder spielerisch lernen und ihre Alltagserfahrungen reflektieren k\u00f6nnen. Hier erkennen sie gesellschaftliche Arbeitsprozesse und k\u00f6nnen aktiv in diese eingreifen.<\/span><\/p>\n<p><span style=\"font-family: helvetica, arial, sans-serif;\">In Wuselkusen, das sich auf einer Fl\u00e4che von 1.500 Quadratmetern im Zentrum von Konz erstreckt, gibt es alles, was eine Stadt braucht: Handwerksbetriebe, Restaurants, Banken, ein Kino und sogar einen Freizeitpark. Obwohl die &#8222;Metropole&#8220; nur 125 Einwohner hat, mangelt es den Wuselkusenern an nichts. Die Stadt hat sogar eine eigene W\u00e4hrung, den &#8222;Wusel&#8220;, einen Stadtrat und eine B\u00fcrgermeisterin. Die Besonderheit: Alle B\u00fcrger sind h\u00f6chstens 13 Jahre alt.<\/span><\/p>\n<p><span style=\"font-family: helvetica, arial, sans-serif;\"><strong>Ein Partizipationsprojekt f\u00fcr Kinder<\/strong><\/span><\/p>\n<p><span style=\"font-family: helvetica, arial, sans-serif;\">Wuselkusen ist ein Partizipationsprojekt, das sich an Kinder im Alter von 7 bis 13 Jahren richtet. Die komplexen Kommunikationsprozesse und Gestaltungssituationen der Spielstadt pr\u00e4gen die Lernumgebung. Durch das Spielen in ernst genommenen Rollen und Funktionen erfahren die Kinder die Bereiche einer modernen Stadt und deren Zusammenwirken aus erster Hand. Sie lernen, Entscheidungen zu treffen, Konflikte zu l\u00f6sen und werden zu demokratischem und politischem Handeln angeregt.<\/span><\/p>\n<p><span style=\"font-family: helvetica, arial, sans-serif;\"><strong>Lernen durch Spielen<\/strong><\/span><\/p>\n<p><span style=\"font-family: helvetica, arial, sans-serif;\">Die spielerische Erkundung und das Nachspielen von st\u00e4dtischen Strukturen und Abl\u00e4ufen f\u00f6rdern das Verst\u00e4ndnis der Kinder f\u00fcr ihre Umwelt. Wuselkusen zeigt, dass Spielen eine wertvolle Methode des Lernens ist. Die Kinder erwerben Wissen nicht nur theoretisch, sondern durch praktisches Handeln und echte Erfahrungen. Somit wird die Spielstadt Wuselkusen zu einem bedeutenden p\u00e4dagogischen Projekt, das Kinder kreativ und engagiert auf das Leben vorbereitet.<\/span><\/p>\n<p>&nbsp;<\/p>\n<p>&nbsp;<\/p>\n<hr \/>\n<p>&nbsp;<\/p>\n","protected":false},"excerpt":{"rendered":"<p>Anders lernen: Wuselkusen \u2013 die Spielstadt f\u00fcr Kinder in Konz Kinder sind neugierig und haben unz\u00e4hlige Fragen \u2013 oft zu viele, um sie in unserer schnelllebigen Zeit alle zu beantworten. Die Sommerferien sind normalerweise gepr\u00e4gt von Sonne, Freizeit und Urlaub, w\u00e4hrend Schule und Lernen in weite Ferne r\u00fccken. Doch das Haus der Jugend Konz beweist [&hellip;]<\/p>\n","protected":false},"author":1,"featured_media":0,"parent":0,"menu_order":0,"comment_status":"closed","ping_status":"closed","template":"","meta":{"footnotes":""},"class_list":["post-111","page","type-page","status-publish","hentry"],"_links":{"self":[{"href":"https:\/\/wuselkusen.de\/index.php?rest_route=\/wp\/v2\/pages\/111","targetHints":{"allow":["GET"]}}],"collection":[{"href":"https:\/\/wuselkusen.de\/index.php?rest_route=\/wp\/v2\/pages"}],"about":[{"href":"https:\/\/wuselkusen.de\/index.php?rest_route=\/wp\/v2\/types\/page"}],"author":[{"embeddable":true,"href":"https:\/\/wuselkusen.de\/index.php?rest_route=\/wp\/v2\/users\/1"}],"replies":[{"embeddable":true,"href":"https:\/\/wuselkusen.de\/index.php?rest_route=%2Fwp%2Fv2%2Fcomments&post=111"}],"version-history":[{"count":10,"href":"https:\/\/wuselkusen.de\/index.php?rest_route=\/wp\/v2\/pages\/111\/revisions"}],"predecessor-version":[{"id":2813,"href":"https:\/\/wuselkusen.de\/index.php?rest_route=\/wp\/v2\/pages\/111\/revisions\/2813"}],"wp:attachment":[{"href":"https:\/\/wuselkusen.de\/index.php?rest_route=%2Fwp%2Fv2%2Fmedia&parent=111"}],"curies":[{"name":"wp","href":"https:\/\/api.w.org\/{rel}","templated":true}]}}